{"id":26,"date":"2021-06-07T11:09:45","date_gmt":"2021-06-07T03:09:45","guid":{"rendered":"http:\/\/27.54.88.66\/~ironmanp\/?page_id=26"},"modified":"2025-02-28T09:45:50","modified_gmt":"2025-02-28T01:45:50","slug":"about-us","status":"publish","type":"page","link":"https:\/\/sportmeditec.com\/fr\/about-us\/","title":{"rendered":"Qui Sommes Nous"},"content":{"rendered":"<p><\/p>\n<h4>Dr Sherry Coons-Mueller, your Chiropractor<\/h4>\n<p>I was born and raised in California and lived in Hawaii for a number of yearscbefore moving to Australia in 2007. Moving to Australia had been a life long dream. My dream came true and now Australia is my permanent home. I live in Attadale WA with my husband Mic, our beautiful pets .<\/p>\n<p>It is a good thing I love education as I have spent many years in school. I hold Bachelors Degrees in Human Biology and Business Management and a Doctorate in Chiropractic as well as many post graduate credentials furthering my education in chiropractic technique, soft tissue procedures, sports medicine, rehabilitation, and nutrition. My chiropractic training included a 4 year university degree, two years of post baccalaureate premedical studies and a four year Doctorate degree at Cleveland Chiropractic College in Los Angeles,\u00a0California. I have been successfully self-employed for many years as a Doctor of Chiropractic, Active Release Practitioner, Personal Trainer and Endurance Coach. I have extensive experience in working with clients ranging from children to adults and athletes from the professional and elite levels to the weekend warrior. Being an elite level and former professional triathlete myself, gives me a unique and in-depth understanding of the body and how best to care for injuries and optimize your care.<\/p>\n<p>My training and success in sports medicine care enhances my ability to care for a wide range of clients needs, not just the athlete\u2019s. I take a postural and biomechanical approach to care. By addressing the soft tissue problems first then the alignment of the bones second helps to insure the complete healing of injuries and to insure they do not reoccur. The goal is to treat the cause not just manage the symptoms so you can get past the injury and pain stage and onward to optimal health and performance. I like to spend extra time with each patient as your care is customized to your individual needs and includes multiple modalities. Each visit you will always receive \u201cMore Than Just An Adjustment\u201d and you will\u00a0be given instructions on how to help yourself maintain and optimize your health on your own. We are a team in your journey to Optimal Health.<\/p>\n<p><strong>Mic\u00a0Mueller-Coons votre masseur th\u00e9rapeutique et sportif<\/strong><\/p>\n<p>Mic\u00a0a transform\u00e9 sa passion pour le sport en une passion pour aider les athl\u00e8tes. Comme th\u00e9rapeute en massage, il aide les athl\u00e8tes \u00e0 obtenir des performances optimales et \u00e0 r\u00e9cup\u00e9rer plus rapidement de l&rsquo;entra\u00eenement et les courses. MIC est form\u00e9e en massage su\u00e9dois, en massage th\u00e9rapeutique, en massage sportif, en rel\u00e2chement myofascial, en restructuration corporelle \/ Active Release Technique (ART), en Technique Emmett, Bowen, Smart Tools(IASTM), en acupuncture \u00e0 sec (Dry needling) et drainage lymphatique.<br \/>\nAvec 29 Triathlons Ironman \u00e0 son actif et 3 Championnats du monde \u00e0 Kona, Mic a re\u00e7u un grand nombre de massages (bons et moins bons) au cours des ann\u00e9es. Ainsi, son objectif a \u00e9t\u00e9 de regrouper ses comp\u00e9tences concernant de tissus mous dans un traitement polyvalent qui allie ses comp\u00e9tences et les diff\u00e9rentes techniques pour r\u00e9aliser la r\u00e9cup\u00e9ration et des performances optimales.<br \/>\nMic\u00a0est \u00e9galement un entra\u00eeneur d&rsquo;athl\u00e8tes en collaboration avec sa femme chiropraticienne Dr. Sherry Coons.<br \/>\nEnsemble, ils se sont sp\u00e9cialis\u00e9s en triathlon, natation, v\u00e9lo et course \u00e0 pied. Ils proposent des cours pour apprendre la technique de la course \u00e0 pied ainsi que la natation.<br \/>\nPendant 10 ans, Mic a \u00e9t\u00e9 pr\u00e9sident du 2\u00e8me plus grand club de triathlon de Suisse. Mic\u00a0a \u00e9t\u00e9 pour 9 ans jusqu&rsquo;\u00e0 la fin 2018 le chef de l&rsquo;\u00e9quipe de Massage \u00e0 Beack2Health360 \u00e0 Townsville, Queensland, Australie. \u00e0 partir de 2015 il participe en tant que masseur \u00e0 certaines courses internationales de Triathlon afin de fournir des restructuration corporelles (bodywork) de haute qualit\u00e9.<\/p>","protected":false},"excerpt":{"rendered":"<p>Dr Sherry Coons-Mueller, your Chiropractor I was born and raised in California and lived in Hawaii for a number of yearscbefore moving to Australia in 2007. Moving to Australia had been a life long dream. My dream came true and now Australia is my permanent home. I live in Attadale WA with my husband Mic, [&hellip;]<\/p>\n","protected":false},"author":1,"featured_media":0,"parent":0,"menu_order":0,"comment_status":"open","ping_status":"open","template":"","meta":{"two_page_speed":[],"footnotes":""},"class_list":["post-26","page","type-page","status-publish","hentry"],"jetpack_sharing_enabled":true,"_links":{"self":[{"href":"https:\/\/sportmeditec.com\/fr\/wp-json\/wp\/v2\/pages\/26","targetHints":{"allow":["GET"]}}],"collection":[{"href":"https:\/\/sportmeditec.com\/fr\/wp-json\/wp\/v2\/pages"}],"about":[{"href":"https:\/\/sportmeditec.com\/fr\/wp-json\/wp\/v2\/types\/page"}],"author":[{"embeddable":true,"href":"https:\/\/sportmeditec.com\/fr\/wp-json\/wp\/v2\/users\/1"}],"replies":[{"embeddable":true,"href":"https:\/\/sportmeditec.com\/fr\/wp-json\/wp\/v2\/comments?post=26"}],"version-history":[{"count":41,"href":"https:\/\/sportmeditec.com\/fr\/wp-json\/wp\/v2\/pages\/26\/revisions"}],"predecessor-version":[{"id":734,"href":"https:\/\/sportmeditec.com\/fr\/wp-json\/wp\/v2\/pages\/26\/revisions\/734"}],"wp:attachment":[{"href":"https:\/\/sportmeditec.com\/fr\/wp-json\/wp\/v2\/media?parent=26"}],"curies":[{"name":"wp","href":"https:\/\/api.w.org\/{rel}","templated":true}]}}